{"id":8638,"date":"2023-08-14T11:07:11","date_gmt":"2023-08-14T16:07:11","guid":{"rendered":"https:\/\/www.autorepuestosdistrinissan.com\/web\/?post_type=product&#038;p=8638"},"modified":"2025-04-07T17:19:30","modified_gmt":"2025-04-07T22:19:30","slug":"sensor-ciguenal-ckp-nissan-frontier-diesel","status":"publish","type":"product","link":"https:\/\/www.autorepuestosdistrinissan.com\/web\/producto\/sensor-ciguenal-ckp-nissan-frontier-diesel\/","title":{"rendered":"SENSOR CIG\u00dcE\u00d1AL (CKP) NISSAN FRONTIER DIESEL"},"content":{"rendered":"<p>SENSOR CIG\u00dcE\u00d1AL NISSAN FRONTIER<\/p>\n","protected":false},"excerpt":{"rendered":"<p>-GARANTIA 30 DIAS<br \/>\n-PAIS DE ORIGEN JAPON<br \/>\n-CALIDAD ORIGINAL<\/p>\n","protected":false},"featured_media":8935,"comment_status":"closed","ping_status":"closed","template":"","meta":{"_et_pb_use_builder":"","_et_pb_old_content":"","_et_gb_content_width":""},"product_cat":[38,48],"product_tag":[],"class_list":{"0":"post-8638","1":"product","2":"type-product","3":"status-publish","4":"has-post-thumbnail","6":"product_cat-automoviles","7":"product_cat-nissan","9":"first","10":"onbackorder","11":"shipping-taxable","12":"purchasable","13":"product-type-simple"},"jetpack_sharing_enabled":true,"_links":{"self":[{"href":"https:\/\/www.autorepuestosdistrinissan.com\/web\/wp-json\/wp\/v2\/product\/8638","targetHints":{"allow":["GET"]}}],"collection":[{"href":"https:\/\/www.autorepuestosdistrinissan.com\/web\/wp-json\/wp\/v2\/product"}],"about":[{"href":"https:\/\/www.autorepuestosdistrinissan.com\/web\/wp-json\/wp\/v2\/types\/product"}],"replies":[{"embeddable":true,"href":"https:\/\/www.autorepuestosdistrinissan.com\/web\/wp-json\/wp\/v2\/comments?post=8638"}],"wp:featuredmedia":[{"embeddable":true,"href":"https:\/\/www.autorepuestosdistrinissan.com\/web\/wp-json\/wp\/v2\/media\/8935"}],"wp:attachment":[{"href":"https:\/\/www.autorepuestosdistrinissan.com\/web\/wp-json\/wp\/v2\/media?parent=8638"}],"wp:term":[{"taxonomy":"product_cat","embeddable":true,"href":"https:\/\/www.autorepuestosdistrinissan.com\/web\/wp-json\/wp\/v2\/product_cat?post=8638"},{"taxonomy":"product_tag","embeddable":true,"href":"https:\/\/www.autorepuestosdistrinissan.com\/web\/wp-json\/wp\/v2\/product_tag?post=8638"}],"curies":[{"name":"wp","href":"https:\/\/api.w.org\/{rel}","templated":true}]}}