{"id":7734,"date":"2022-03-10T10:50:02","date_gmt":"2022-03-10T15:50:02","guid":{"rendered":"https:\/\/www.autorepuestosdistrinissan.com\/web\/?post_type=product&#038;p=7734"},"modified":"2023-10-27T16:26:38","modified_gmt":"2023-10-27T21:26:38","slug":"rotula-toyota-prado-inferior-japonesa","status":"publish","type":"product","link":"https:\/\/www.autorepuestosdistrinissan.com\/web\/producto\/rotula-toyota-prado-inferior-japonesa\/","title":{"rendered":"ROTULA INFERIOR TOYOTA PRADO 3 PUERTAS 5 PUERTAS JAPONESA 2004 &#8211; 2010"},"content":{"rendered":"<p>ROTULA TOYOTA PRADO INFERIOR JAPONESA MARCA TREE FIVE, APLICABLE A MODELOS 1997\/2010<\/p>\n","protected":false},"excerpt":{"rendered":"<p>-GARANT\u00cdA 90 D\u00cdAS<br \/>\n-PA\u00cdS DE OR\u00cdGEN JAP\u00d3N<br \/>\n-TECNOLOG\u00cdA TEFL\u00d3N LUB<\/p>\n","protected":false},"featured_media":9070,"comment_status":"closed","ping_status":"closed","template":"","meta":{"_et_pb_use_builder":"","_et_pb_old_content":"","_et_gb_content_width":""},"product_cat":[38,44,61],"product_tag":[],"class_list":{"0":"post-7734","1":"product","2":"type-product","3":"status-publish","4":"has-post-thumbnail","6":"product_cat-automoviles","7":"product_cat-toyota","8":"product_cat-suspension-toyota","10":"first","11":"instock","12":"shipping-taxable","13":"purchasable","14":"product-type-simple"},"jetpack_sharing_enabled":true,"_links":{"self":[{"href":"https:\/\/www.autorepuestosdistrinissan.com\/web\/wp-json\/wp\/v2\/product\/7734","targetHints":{"allow":["GET"]}}],"collection":[{"href":"https:\/\/www.autorepuestosdistrinissan.com\/web\/wp-json\/wp\/v2\/product"}],"about":[{"href":"https:\/\/www.autorepuestosdistrinissan.com\/web\/wp-json\/wp\/v2\/types\/product"}],"replies":[{"embeddable":true,"href":"https:\/\/www.autorepuestosdistrinissan.com\/web\/wp-json\/wp\/v2\/comments?post=7734"}],"wp:featuredmedia":[{"embeddable":true,"href":"https:\/\/www.autorepuestosdistrinissan.com\/web\/wp-json\/wp\/v2\/media\/9070"}],"wp:attachment":[{"href":"https:\/\/www.autorepuestosdistrinissan.com\/web\/wp-json\/wp\/v2\/media?parent=7734"}],"wp:term":[{"taxonomy":"product_cat","embeddable":true,"href":"https:\/\/www.autorepuestosdistrinissan.com\/web\/wp-json\/wp\/v2\/product_cat?post=7734"},{"taxonomy":"product_tag","embeddable":true,"href":"https:\/\/www.autorepuestosdistrinissan.com\/web\/wp-json\/wp\/v2\/product_tag?post=7734"}],"curies":[{"name":"wp","href":"https:\/\/api.w.org\/{rel}","templated":true}]}}