{"id":587,"date":"2019-10-21T10:21:13","date_gmt":"2019-10-21T15:21:13","guid":{"rendered":"https:\/\/www.autorepuestosdistrinissan.com\/web\/?post_type=product&#038;p=587"},"modified":"2024-05-28T15:29:05","modified_gmt":"2024-05-28T20:29:05","slug":"aceite-liqui-moly-special-tec-aa-5w30-galon-4-litros","status":"publish","type":"product","link":"https:\/\/www.autorepuestosdistrinissan.com\/web\/producto\/aceite-liqui-moly-special-tec-aa-5w30-galon-4-litros\/","title":{"rendered":"ACEITE LIQUI MOLY MOLYGEN 5W30 1 LITRO"},"content":{"rendered":"<p>la mejor marca de lubricantes en alemania por 6 a\u00f1os consecutivos, lubricante de alto desempe\u00f1o, cumple y excede todas las normas tecnicas vigentes, intervalo de cambio de hasta 15.000 kms , especialmente dise\u00f1ado para motorizaciones asiaticas y americanas .<\/p>\n","protected":false},"excerpt":{"rendered":"<p>TECNOLOGIA SINTETICA<br \/>\n5W30 ENERGY SAVE<\/p>\n","protected":false},"featured_media":9161,"comment_status":"closed","ping_status":"closed","template":"","meta":{"_et_pb_use_builder":"","_et_pb_old_content":"","_et_gb_content_width":""},"product_cat":[36,22],"product_tag":[],"class_list":{"0":"post-587","1":"product","2":"type-product","3":"status-publish","4":"has-post-thumbnail","6":"product_cat-liqui-moly","7":"product_cat-lubricantes","9":"first","10":"outofstock","11":"shipping-taxable","12":"purchasable","13":"product-type-simple"},"jetpack_sharing_enabled":true,"_links":{"self":[{"href":"https:\/\/www.autorepuestosdistrinissan.com\/web\/wp-json\/wp\/v2\/product\/587","targetHints":{"allow":["GET"]}}],"collection":[{"href":"https:\/\/www.autorepuestosdistrinissan.com\/web\/wp-json\/wp\/v2\/product"}],"about":[{"href":"https:\/\/www.autorepuestosdistrinissan.com\/web\/wp-json\/wp\/v2\/types\/product"}],"replies":[{"embeddable":true,"href":"https:\/\/www.autorepuestosdistrinissan.com\/web\/wp-json\/wp\/v2\/comments?post=587"}],"wp:featuredmedia":[{"embeddable":true,"href":"https:\/\/www.autorepuestosdistrinissan.com\/web\/wp-json\/wp\/v2\/media\/9161"}],"wp:attachment":[{"href":"https:\/\/www.autorepuestosdistrinissan.com\/web\/wp-json\/wp\/v2\/media?parent=587"}],"wp:term":[{"taxonomy":"product_cat","embeddable":true,"href":"https:\/\/www.autorepuestosdistrinissan.com\/web\/wp-json\/wp\/v2\/product_cat?post=587"},{"taxonomy":"product_tag","embeddable":true,"href":"https:\/\/www.autorepuestosdistrinissan.com\/web\/wp-json\/wp\/v2\/product_tag?post=587"}],"curies":[{"name":"wp","href":"https:\/\/api.w.org\/{rel}","templated":true}]}}