{"id":585,"date":"2019-10-21T10:08:29","date_gmt":"2019-10-21T15:08:29","guid":{"rendered":"https:\/\/www.autorepuestosdistrinissan.com\/web\/?post_type=product&#038;p=585"},"modified":"2024-05-28T15:29:15","modified_gmt":"2024-05-28T20:29:15","slug":"refrigerante-akron-tecnologia-oat-tecnologia-acidos-organicos-color-rosa-litro","status":"publish","type":"product","link":"https:\/\/www.autorepuestosdistrinissan.com\/web\/producto\/refrigerante-akron-tecnologia-oat-tecnologia-acidos-organicos-color-rosa-litro\/","title":{"rendered":"REFRIGERANTE KER TECNOLOGIA OAT (TECNOLOGIA ACIDOS ORGANICOS) COLOR ROSA LITRO"},"content":{"rendered":"<p>la tecnolog\u00eda OAT(tecnolog\u00eda de \u00e1cidos org\u00e1nicos) se proyecta como una soluci\u00f3n mas amigable con el medio ambiente, menos agresiva con los componentes internos del sistema, triplica el tiempo\u00a0 de cambio del refrigerante, producto exclusivo.<\/p>\n","protected":false},"excerpt":{"rendered":"<p>-Tecnolog\u00eda OAT<br \/>\n-Protege todos los componentes<br \/>\n-Amigable con el medio ambiente<br \/>\n-Duraci\u00f3n de 500.000 kil\u00f3metros<br \/>\n-Reduce la temperatura del motor<\/p>\n","protected":false},"featured_media":8845,"comment_status":"closed","ping_status":"closed","template":"","meta":{"_et_pb_use_builder":"","_et_pb_old_content":"","_et_gb_content_width":""},"product_cat":[28,38,22,31],"product_tag":[],"class_list":{"0":"post-585","1":"product","2":"type-product","3":"status-publish","4":"has-post-thumbnail","6":"product_cat-aditivos","7":"product_cat-automoviles","8":"product_cat-lubricantes","9":"product_cat-refrigerantes","11":"first","12":"outofstock","13":"shipping-taxable","14":"purchasable","15":"product-type-simple"},"jetpack_sharing_enabled":true,"_links":{"self":[{"href":"https:\/\/www.autorepuestosdistrinissan.com\/web\/wp-json\/wp\/v2\/product\/585","targetHints":{"allow":["GET"]}}],"collection":[{"href":"https:\/\/www.autorepuestosdistrinissan.com\/web\/wp-json\/wp\/v2\/product"}],"about":[{"href":"https:\/\/www.autorepuestosdistrinissan.com\/web\/wp-json\/wp\/v2\/types\/product"}],"replies":[{"embeddable":true,"href":"https:\/\/www.autorepuestosdistrinissan.com\/web\/wp-json\/wp\/v2\/comments?post=585"}],"wp:featuredmedia":[{"embeddable":true,"href":"https:\/\/www.autorepuestosdistrinissan.com\/web\/wp-json\/wp\/v2\/media\/8845"}],"wp:attachment":[{"href":"https:\/\/www.autorepuestosdistrinissan.com\/web\/wp-json\/wp\/v2\/media?parent=585"}],"wp:term":[{"taxonomy":"product_cat","embeddable":true,"href":"https:\/\/www.autorepuestosdistrinissan.com\/web\/wp-json\/wp\/v2\/product_cat?post=585"},{"taxonomy":"product_tag","embeddable":true,"href":"https:\/\/www.autorepuestosdistrinissan.com\/web\/wp-json\/wp\/v2\/product_tag?post=585"}],"curies":[{"name":"wp","href":"https:\/\/api.w.org\/{rel}","templated":true}]}}