{"id":537,"date":"2019-10-18T13:15:26","date_gmt":"2019-10-18T18:15:26","guid":{"rendered":"https:\/\/www.autorepuestosdistrinissan.com\/web\/?post_type=product&#038;p=537"},"modified":"2024-05-28T15:30:13","modified_gmt":"2024-05-28T20:30:13","slug":"filtro-aire-nissan-march-y-versa-1-6-premium-filters","status":"publish","type":"product","link":"https:\/\/www.autorepuestosdistrinissan.com\/web\/producto\/filtro-aire-nissan-march-y-versa-1-6-premium-filters\/","title":{"rendered":"FILTRO AIRE NISSAN MARCH Y VERSA 1.6 PREMIUM FILTERS"},"content":{"rendered":"<p>Uno de los mayores fabricantes de Latinoam\u00e9rica, calidad tipo exportaci\u00f3n, papel micro filtrante biodegradable, capacidad de filtrado hasta de 1 micr\u00f3n, excelente desempe\u00f1o, total limpieza del motor, ahorro significativo del consumo de combustible..<\/p>\n","protected":false},"excerpt":{"rendered":"<p>-EXCELENTE CALIDAD DEL AIRE<br \/>\n-AHORRO SIGNIFICATIVO DEL COMBUSTIBLE<br \/>\n-PAPEL BIODEGRADABLE<\/p>\n","protected":false},"featured_media":9164,"comment_status":"closed","ping_status":"closed","template":"","meta":{"_et_pb_use_builder":"","_et_pb_old_content":"","_et_gb_content_width":""},"product_cat":[38,48,62],"product_tag":[],"class_list":{"0":"post-537","1":"product","2":"type-product","3":"status-publish","4":"has-post-thumbnail","6":"product_cat-automoviles","7":"product_cat-nissan","8":"product_cat-filtracion","10":"first","11":"instock","12":"shipping-taxable","13":"purchasable","14":"product-type-simple"},"jetpack_sharing_enabled":true,"_links":{"self":[{"href":"https:\/\/www.autorepuestosdistrinissan.com\/web\/wp-json\/wp\/v2\/product\/537","targetHints":{"allow":["GET"]}}],"collection":[{"href":"https:\/\/www.autorepuestosdistrinissan.com\/web\/wp-json\/wp\/v2\/product"}],"about":[{"href":"https:\/\/www.autorepuestosdistrinissan.com\/web\/wp-json\/wp\/v2\/types\/product"}],"replies":[{"embeddable":true,"href":"https:\/\/www.autorepuestosdistrinissan.com\/web\/wp-json\/wp\/v2\/comments?post=537"}],"wp:featuredmedia":[{"embeddable":true,"href":"https:\/\/www.autorepuestosdistrinissan.com\/web\/wp-json\/wp\/v2\/media\/9164"}],"wp:attachment":[{"href":"https:\/\/www.autorepuestosdistrinissan.com\/web\/wp-json\/wp\/v2\/media?parent=537"}],"wp:term":[{"taxonomy":"product_cat","embeddable":true,"href":"https:\/\/www.autorepuestosdistrinissan.com\/web\/wp-json\/wp\/v2\/product_cat?post=537"},{"taxonomy":"product_tag","embeddable":true,"href":"https:\/\/www.autorepuestosdistrinissan.com\/web\/wp-json\/wp\/v2\/product_tag?post=537"}],"curies":[{"name":"wp","href":"https:\/\/api.w.org\/{rel}","templated":true}]}}