{"id":484,"date":"2019-10-15T19:04:00","date_gmt":"2019-10-16T00:04:00","guid":{"rendered":"https:\/\/www.autorepuestosdistrinissan.com\/web\/?post_type=product&#038;p=484"},"modified":"2024-05-28T14:53:03","modified_gmt":"2024-05-28T19:53:03","slug":"aceite-molygen-5w40-litro-1-litros","status":"publish","type":"product","link":"https:\/\/www.autorepuestosdistrinissan.com\/web\/producto\/aceite-molygen-5w40-litro-1-litros\/","title":{"rendered":"ACEITE MOLYGEN 5W40 1 LITRO"},"content":{"rendered":"<p>La ultima tecnolog\u00eda de Liqui Moly ahora a tu alcance, nueva tecnolog\u00eda de control de fricci\u00f3n molecular, tecnolog\u00eda energy save permite ahorrar hasta un 15% de combustible, producto de color verde el\u00e9ctrico, el tope en la categor\u00eda de lubricaci\u00f3n, NADA ESTA MAS CERCANO A 0 FRICCION<\/p>\n","protected":false},"excerpt":{"rendered":"<p>-Tecnolog\u00eda energy save (ahorro hasta 15% combustible)<br \/>\n-Tecnolog\u00eda de control de fricci\u00f3n molecular<br \/>\n-Producto top a nivel mundial<\/p>\n","protected":false},"featured_media":9170,"comment_status":"closed","ping_status":"closed","template":"","meta":{"_et_pb_use_builder":"","_et_pb_old_content":"","_et_gb_content_width":""},"product_cat":[38,36,22],"product_tag":[],"class_list":{"0":"post-484","1":"product","2":"type-product","3":"status-publish","4":"has-post-thumbnail","6":"product_cat-automoviles","7":"product_cat-liqui-moly","8":"product_cat-lubricantes","10":"first","11":"outofstock","12":"shipping-taxable","13":"purchasable","14":"product-type-simple"},"jetpack_sharing_enabled":true,"_links":{"self":[{"href":"https:\/\/www.autorepuestosdistrinissan.com\/web\/wp-json\/wp\/v2\/product\/484","targetHints":{"allow":["GET"]}}],"collection":[{"href":"https:\/\/www.autorepuestosdistrinissan.com\/web\/wp-json\/wp\/v2\/product"}],"about":[{"href":"https:\/\/www.autorepuestosdistrinissan.com\/web\/wp-json\/wp\/v2\/types\/product"}],"replies":[{"embeddable":true,"href":"https:\/\/www.autorepuestosdistrinissan.com\/web\/wp-json\/wp\/v2\/comments?post=484"}],"wp:featuredmedia":[{"embeddable":true,"href":"https:\/\/www.autorepuestosdistrinissan.com\/web\/wp-json\/wp\/v2\/media\/9170"}],"wp:attachment":[{"href":"https:\/\/www.autorepuestosdistrinissan.com\/web\/wp-json\/wp\/v2\/media?parent=484"}],"wp:term":[{"taxonomy":"product_cat","embeddable":true,"href":"https:\/\/www.autorepuestosdistrinissan.com\/web\/wp-json\/wp\/v2\/product_cat?post=484"},{"taxonomy":"product_tag","embeddable":true,"href":"https:\/\/www.autorepuestosdistrinissan.com\/web\/wp-json\/wp\/v2\/product_tag?post=484"}],"curies":[{"name":"wp","href":"https:\/\/api.w.org\/{rel}","templated":true}]}}