{"id":4681,"date":"2021-02-24T12:04:19","date_gmt":"2021-02-24T17:04:19","guid":{"rendered":"https:\/\/www.autorepuestosdistrinissan.com\/web\/?post_type=product&#038;p=4681"},"modified":"2025-04-21T16:04:15","modified_gmt":"2025-04-21T21:04:15","slug":"bujia-original-nissan-march-versa-tiida-super-oferta","status":"publish","type":"product","link":"https:\/\/www.autorepuestosdistrinissan.com\/web\/producto\/bujia-original-nissan-march-versa-tiida-super-oferta\/","title":{"rendered":"BUJIA ORIGINAL NISSAN MARCH, VERSA, TIIDA"},"content":{"rendered":"<p>\u00a1Despierta el verdadero poder de tu Nissan!<br \/>\nBuj\u00edas Originales Nissan<\/p>\n<p>Con las buj\u00edas originales tu Nissan obtiene:<\/p>\n<p>\u2705 Encendido r\u00e1pido y confiable \u2013 Respuesta inmediata en todo momento.<br \/>\n\u2705 M\u00e1ximo rendimiento de combustible \u2013 Ahorra m\u00e1s en cada kil\u00f3metro recorrido.<br \/>\n\u2705 Durabilidad garantizada \u2013 Materiales de alta calidad dise\u00f1ados para durar m\u00e1s.<br \/>\n\u2705 Compatibilidad perfecta \u2013 Fabricadas espec\u00edficamente para el motor de tu Nissan March.<br \/>\n\u2705 Funcionamiento suave y estable \u2013 Menos vibraciones, m\u00e1s confort en tu manejo.<\/p>\n<p>Conf\u00eda en las buj\u00edas originales Nissan y lleva tu Nissan al siguiente nivel de desempe\u00f1o.<\/p>\n<p>Nissan Original Parts \u2013 Hechos para durar, dise\u00f1ados para tu camino.<\/p>\n","protected":false},"excerpt":{"rendered":"<p>-BUJIA O.E.M.<br \/>\n-PAIS DE ORIGEN JAPON<br \/>\n-TECNOLOGIA PLATINO<br \/>\n-GARANTIA 90 DIAS<\/p>\n","protected":false},"featured_media":9131,"comment_status":"closed","ping_status":"closed","template":"","meta":{"_et_pb_use_builder":"","_et_pb_old_content":"","_et_gb_content_width":""},"product_cat":[38,48,79],"product_tag":[],"class_list":{"0":"post-4681","1":"product","2":"type-product","3":"status-publish","4":"has-post-thumbnail","6":"product_cat-automoviles","7":"product_cat-nissan","8":"product_cat-motor-nissan","10":"first","11":"instock","12":"shipping-taxable","13":"purchasable","14":"product-type-simple"},"jetpack_sharing_enabled":true,"_links":{"self":[{"href":"https:\/\/www.autorepuestosdistrinissan.com\/web\/wp-json\/wp\/v2\/product\/4681","targetHints":{"allow":["GET"]}}],"collection":[{"href":"https:\/\/www.autorepuestosdistrinissan.com\/web\/wp-json\/wp\/v2\/product"}],"about":[{"href":"https:\/\/www.autorepuestosdistrinissan.com\/web\/wp-json\/wp\/v2\/types\/product"}],"replies":[{"embeddable":true,"href":"https:\/\/www.autorepuestosdistrinissan.com\/web\/wp-json\/wp\/v2\/comments?post=4681"}],"wp:featuredmedia":[{"embeddable":true,"href":"https:\/\/www.autorepuestosdistrinissan.com\/web\/wp-json\/wp\/v2\/media\/9131"}],"wp:attachment":[{"href":"https:\/\/www.autorepuestosdistrinissan.com\/web\/wp-json\/wp\/v2\/media?parent=4681"}],"wp:term":[{"taxonomy":"product_cat","embeddable":true,"href":"https:\/\/www.autorepuestosdistrinissan.com\/web\/wp-json\/wp\/v2\/product_cat?post=4681"},{"taxonomy":"product_tag","embeddable":true,"href":"https:\/\/www.autorepuestosdistrinissan.com\/web\/wp-json\/wp\/v2\/product_tag?post=4681"}],"curies":[{"name":"wp","href":"https:\/\/api.w.org\/{rel}","templated":true}]}}