{"id":321,"date":"2019-10-07T11:18:22","date_gmt":"2019-10-07T16:18:22","guid":{"rendered":"https:\/\/www.autorepuestosdistrinissan.com\/web\/?page_id=321"},"modified":"2023-09-28T14:59:40","modified_gmt":"2023-09-28T19:59:40","slug":"especialidad","status":"publish","type":"page","link":"https:\/\/www.autorepuestosdistrinissan.com\/web\/especialidad\/","title":{"rendered":"Especialidad"},"content":{"rendered":"<p>[et_pb_section fb_built=\u00bb1&#8243; admin_label=\u00bbHero\u00bb _builder_version=\u00bb4.16&#8243; background_color=\u00bb#c10d19&#8243; custom_padding=\u00bb54px|0px|54px|0px|true|false\u00bb global_colors_info=\u00bb{}\u00bb][et_pb_row _builder_version=\u00bb4.16&#8243; background_size=\u00bbinitial\u00bb background_position=\u00bbtop_left\u00bb background_repeat=\u00bbrepeat\u00bb max_width=\u00bb700px\u00bb use_custom_width=\u00bbon\u00bb custom_width_px=\u00bb700px\u00bb global_colors_info=\u00bb{}\u00bb][et_pb_column type=\u00bb4_4&#8243; _builder_version=\u00bb4.16&#8243; custom_padding=\u00bb|||\u00bb global_colors_info=\u00bb{}\u00bb custom_padding__hover=\u00bb|||\u00bb][et_pb_text _builder_version=\u00bb4.16.0&#8243; text_font=\u00bbTeko||||||||\u00bb text_text_color=\u00bb#c10f1b\u00bb text_font_size=\u00bb26px\u00bb text_line_height=\u00bb1.2em\u00bb ul_font=\u00bb||||||||\u00bb header_font=\u00bb|600|on|on|||||\u00bb header_text_color=\u00bb#ffffff\u00bb header_font_size=\u00bb54px\u00bb header_letter_spacing=\u00bb2px\u00bb header_line_height=\u00bb0.9em\u00bb text_orientation=\u00bbcenter\u00bb custom_margin=\u00bb|||\u00bb header_font_size_tablet=\u00bb66px\u00bb header_font_size_phone=\u00bb36px\u00bb header_font_size_last_edited=\u00bbon|phone\u00bb global_colors_info=\u00bb{}\u00bb]<\/p>\n<h1>Especialidad<\/h1>\n<p>[\/et_pb_text][\/et_pb_column][\/et_pb_row][\/et_pb_section][et_pb_section fb_built=\u00bb1&#8243; fullwidth=\u00bbon\u00bb _builder_version=\u00bb4.17.3&#8243; use_background_color_gradient=\u00bbon\u00bb background_color_gradient_stops=\u00bb#00529b 0%|rgba(0,0,0,0) 100%\u00bb background_color_gradient_overlays_image=\u00bbon\u00bb background_color_gradient_start=\u00bb#00529b\u00bb background_color_gradient_end=\u00bbrgba(0,0,0,0)\u00bb bottom_divider_style=\u00bbarrow\u00bb bottom_divider_color=\u00bb#ffffff\u00bb bottom_divider_height_tablet=\u00bb\u00bb bottom_divider_height_phone=\u00bb50px\u00bb bottom_divider_height_last_edited=\u00bbon|phone\u00bb animation_style=\u00bbslide\u00bb animation_direction=\u00bbtop\u00bb animation_intensity_slide=\u00bb4%\u00bb hover_enabled=\u00bb0&#8243; global_colors_info=\u00bb{}\u00bb title_text=\u00bblinea-rapida\u00bb background_image=\u00bbhttps:\/\/www.autorepuestosdistrinissan.com\/web\/wp-content\/uploads\/2020\/09\/linea-rapida-4.jpg\u00bb sticky_enabled=\u00bb0&#8243;][et_pb_fullwidth_image src=\u00bbhttps:\/\/www.autorepuestosdistrinissan.com\/web\/wp-content\/uploads\/2020\/09\/linea-rapida-4.jpg\u00bb _builder_version=\u00bb4.17.3&#8243; use_background_color_gradient=\u00bbon\u00bb background_color_gradient_stops=\u00bb#00529b 0%|rgba(0,0,0,0) 100%\u00bb background_color_gradient_overlays_image=\u00bbon\u00bb background_color_gradient_start=\u00bb#00529b\u00bb background_color_gradient_end=\u00bbrgba(0,0,0,0)\u00bb global_colors_info=\u00bb{}\u00bb title_text=\u00bblinea-rapida\u00bb][\/et_pb_fullwidth_image][\/et_pb_section][et_pb_section fb_built=\u00bb1&#8243; admin_label=\u00bbFeatures\u00bb _builder_version=\u00bb4.16&#8243; custom_padding=\u00bb|||\u00bb global_colors_info=\u00bb{}\u00bb][et_pb_row _builder_version=\u00bb4.16&#8243; custom_margin=\u00bb|||\u00bb global_colors_info=\u00bb{}\u00bb][et_pb_column type=\u00bb4_4&#8243; _builder_version=\u00bb4.16&#8243; custom_padding=\u00bb|||\u00bb global_colors_info=\u00bb{}\u00bb custom_padding__hover=\u00bb|||\u00bb][et_pb_text admin_label=\u00bbTitle\u00bb _builder_version=\u00bb4.16&#8243; header_font=\u00bb||||||||\u00bb header_3_font=\u00bb||on||||||\u00bb header_3_font_size=\u00bb40px\u00bb header_3_line_height=\u00bb1.2em\u00bb custom_margin=\u00bb||15px|\u00bb border_color_all=\u00bbrgba(51,51,51,0.12)\u00bb border_width_bottom=\u00bb1px\u00bb global_colors_info=\u00bb{}\u00bb]<\/p>\n<h3>Informaci\u00f3n<\/h3>\n<p>[\/et_pb_text][\/et_pb_column][\/et_pb_row][et_pb_row column_structure=\u00bb2_3,1_3&#8243; _builder_version=\u00bb4.16&#8243; custom_margin=\u00bb|||\u00bb custom_padding=\u00bb0|0px|27px|0px|false|false\u00bb global_colors_info=\u00bb{}\u00bb][et_pb_column type=\u00bb2_3&#8243; _builder_version=\u00bb4.16&#8243; custom_padding=\u00bb|||\u00bb global_colors_info=\u00bb{}\u00bb custom_padding__hover=\u00bb|||\u00bb][et_pb_text _builder_version=\u00bb4.16&#8243; text_font=\u00bbPoppins||||||||\u00bb text_font_size=\u00bb16px\u00bb text_line_height=\u00bb1.8em\u00bb text_orientation=\u00bbjustified\u00bb global_colors_info=\u00bb{}\u00bb]<\/p>\n<p>Las ra\u00edces de AutoRepuestos Distrinissan nacen de la necesidad de comunicar y proyectar en nuestros clientes y proveedores, confiabilidad y respaldo, por eso nuestro principal objetivo es ser pioneros en tecnolog\u00edas y tendencias globales, enfocamos nuestra energ\u00eda al desarrollo de la ingenier\u00eda automotriz.<\/p>\n<p>[\/et_pb_text][\/et_pb_column][et_pb_column type=\u00bb1_3&#8243; _builder_version=\u00bb4.16&#8243; custom_padding=\u00bb|||\u00bb global_colors_info=\u00bb{}\u00bb custom_padding__hover=\u00bb|||\u00bb][et_pb_button button_url=\u00bbhttps:\/\/www.autorepuestosdistrinissan.com\/web\/tienda\/\u00bb button_text=\u00bbIr a tienda\u00bb button_alignment=\u00bbleft\u00bb _builder_version=\u00bb4.16&#8243; custom_button=\u00bbon\u00bb button_text_size=\u00bb14px\u00bb button_bg_color=\u00bb#c10f1b\u00bb button_border_width=\u00bb8px\u00bb button_border_color=\u00bb#c10f1b\u00bb button_border_radius=\u00bb0px\u00bb button_letter_spacing=\u00bb4px\u00bb button_font=\u00bbSUI GENERIS|700|on|on|||||\u00bb button_icon=\u00bb&#x24;||divi||400&#8243; background_layout=\u00bbdark\u00bb locked=\u00bboff\u00bb global_colors_info=\u00bb{}\u00bb button_text_size__hover_enabled=\u00bboff\u00bb button_one_text_size__hover_enabled=\u00bboff\u00bb button_two_text_size__hover_enabled=\u00bboff\u00bb button_text_color__hover_enabled=\u00bboff\u00bb button_one_text_color__hover_enabled=\u00bboff\u00bb button_two_text_color__hover_enabled=\u00bboff\u00bb button_border_width__hover_enabled=\u00bboff\u00bb button_one_border_width__hover_enabled=\u00bboff\u00bb button_two_border_width__hover_enabled=\u00bboff\u00bb button_border_color__hover_enabled=\u00bboff\u00bb button_one_border_color__hover_enabled=\u00bboff\u00bb button_two_border_color__hover_enabled=\u00bboff\u00bb button_border_radius__hover_enabled=\u00bboff\u00bb button_one_border_radius__hover_enabled=\u00bboff\u00bb button_two_border_radius__hover_enabled=\u00bboff\u00bb button_letter_spacing__hover_enabled=\u00bboff\u00bb button_one_letter_spacing__hover_enabled=\u00bboff\u00bb button_two_letter_spacing__hover_enabled=\u00bboff\u00bb button_bg_color__hover_enabled=\u00bboff\u00bb button_one_bg_color__hover_enabled=\u00bboff\u00bb button_two_bg_color__hover_enabled=\u00bboff\u00bb][\/et_pb_button][et_pb_button button_url=\u00bbhttps:\/\/www.autorepuestosdistrinissan.com\/web\/contacto\/\u00bb button_text=\u00bbContacto\u00bb _builder_version=\u00bb4.16&#8243; custom_button=\u00bbon\u00bb button_text_size=\u00bb14px\u00bb button_text_color=\u00bb#d51a27&#8243; button_bg_color=\u00bb#ffffff\u00bb button_border_width=\u00bb8px\u00bb button_border_color=\u00bb#ffffff\u00bb button_border_radius=\u00bb0px\u00bb button_letter_spacing=\u00bb4px\u00bb button_font=\u00bbSUI GENERIS|700|on|on|||||\u00bb button_icon=\u00bb&#x24;||divi||400&#8243; background_layout=\u00bbdark\u00bb custom_margin=\u00bb|||\u00bb animation_style=\u00bbslide\u00bb animation_direction=\u00bbleft\u00bb animation_delay=\u00bb100ms\u00bb animation_intensity_slide=\u00bb20%\u00bb box_shadow_style=\u00bbpreset1&#8243; box_shadow_color=\u00bbrgba(0,0,0,0.1)\u00bb locked=\u00bboff\u00bb global_colors_info=\u00bb{}\u00bb button_text_size__hover_enabled=\u00bboff\u00bb button_one_text_size__hover_enabled=\u00bboff\u00bb button_two_text_size__hover_enabled=\u00bboff\u00bb button_text_color__hover_enabled=\u00bboff\u00bb button_one_text_color__hover_enabled=\u00bboff\u00bb button_two_text_color__hover_enabled=\u00bboff\u00bb button_border_width__hover_enabled=\u00bboff\u00bb button_one_border_width__hover_enabled=\u00bboff\u00bb button_two_border_width__hover_enabled=\u00bboff\u00bb button_border_color__hover_enabled=\u00bboff\u00bb button_one_border_color__hover_enabled=\u00bboff\u00bb button_two_border_color__hover_enabled=\u00bboff\u00bb button_border_radius__hover_enabled=\u00bboff\u00bb button_one_border_radius__hover_enabled=\u00bboff\u00bb button_two_border_radius__hover_enabled=\u00bboff\u00bb button_letter_spacing__hover_enabled=\u00bboff\u00bb button_one_letter_spacing__hover_enabled=\u00bboff\u00bb button_two_letter_spacing__hover_enabled=\u00bboff\u00bb button_bg_color__hover_enabled=\u00bboff\u00bb button_one_bg_color__hover_enabled=\u00bboff\u00bb button_two_bg_color__hover_enabled=\u00bboff\u00bb][\/et_pb_button][\/et_pb_column][\/et_pb_row][et_pb_row admin_label=\u00bbDetailed Specs\u00bb _builder_version=\u00bb4.16&#8243; locked=\u00bboff\u00bb global_colors_info=\u00bb{}\u00bb][et_pb_column type=\u00bb4_4&#8243; _builder_version=\u00bb4.16&#8243; custom_padding=\u00bb|||\u00bb global_colors_info=\u00bb{}\u00bb custom_padding__hover=\u00bb|||\u00bb][et_pb_text admin_label=\u00bbTitle\u00bb _builder_version=\u00bb4.16&#8243; header_font=\u00bb||||||||\u00bb header_3_font=\u00bb||on||||||\u00bb header_3_font_size=\u00bb24px\u00bb header_3_line_height=\u00bb1.2em\u00bb custom_margin=\u00bb||15px|\u00bb global_colors_info=\u00bb{}\u00bb]<\/p>\n<h3>Nos enfocamos en comercializar AutoPartes de alta tecnolog\u00eda como:<\/h3>\n<p>[\/et_pb_text][et_pb_tabs active_tab_background_color=\u00bb#00529b\u00bb inactive_tab_background_color=\u00bb#c10d19&#8243; active_tab_text_color=\u00bb#ffffff\u00bb module_id=\u00bbtabs-tipos-de-productos\u00bb _builder_version=\u00bb4.16&#8243; tab_text_color=\u00bb#ffffff\u00bb body_font=\u00bbPoppins|300|||||||\u00bb body_text_align=\u00bbjustify\u00bb body_text_color=\u00bb#ffffff\u00bb tab_font=\u00bbSUI GENERIS||on|on|||||\u00bb tab_font_size=\u00bb10px\u00bb tab_letter_spacing=\u00bb1px\u00bb tab_line_height=\u00bb3em\u00bb background_color=\u00bb#00529b\u00bb custom_padding=\u00bb||||false|false\u00bb border_width_all=\u00bb0px\u00bb border_color_all=\u00bb#ffffff\u00bb locked=\u00bboff\u00bb global_colors_info=\u00bb{}\u00bb][et_pb_tab title=\u00bbSensores\u00bb _builder_version=\u00bb4.16&#8243; body_font=\u00bb||||||||\u00bb body_font_size=\u00bb16px\u00bb body_line_height=\u00bb1.8em\u00bb tab_font=\u00bb||||||||\u00bb background_enable_color=\u00bboff\u00bb custom_padding=\u00bb||||false|true\u00bb global_colors_info=\u00bb{}\u00bb]Ofrecemos una gran variedad de sensores para usted, como por ejemplo sensor de velocidad, sensor magn\u00e9tico. Tambi\u00e9n puede encontrar sensor de cig\u00fce\u00f1al, interruptor del aire\/acondicionado y sensor del estacionamiento, as\u00ed como de sensor de la capacitancia, sensor de la inductancia, sensor de la resistencia.[\/et_pb_tab][et_pb_tab title=\u00bbInyecci\u00f3n Electr\u00f3nica\u00bb _builder_version=\u00bb4.16&#8243; body_font=\u00bb||||||||\u00bb body_font_size=\u00bb16px\u00bb body_line_height=\u00bb1.8em\u00bb tab_font=\u00bb||||||||\u00bb global_colors_info=\u00bb{}\u00bb]La inyecci\u00f3n electr\u00f3nica de combustible consta de un sistema que intenta reemplazar el carburador de los motores que funcionan con gasolina. Constituye un sistema bastante m\u00e1s amigable con el medio ambiente que el sistema cl\u00e1sico con el carburador, ya que disminuye en forma considerable la emisi\u00f3n de gases nocivos de los motores.[\/et_pb_tab][et_pb_tab title=\u00bbInyecci\u00f3n Directa Diesel\u00bb _builder_version=\u00bb4.16&#8243; body_font=\u00bb||||||||\u00bb body_font_size=\u00bb16px\u00bb body_line_height=\u00bb1.8em\u00bb tab_font=\u00bb||||||||\u00bb global_colors_info=\u00bb{}\u00bb]La inyecci\u00f3n directa se descubri\u00f3 hace un tiempo pero la tecnolog\u00eda no permit\u00eda su aplicaci\u00f3n de la forma adecuada, en cuanto a funcionamiento y costos. En esta tecnolog\u00eda es muy importante el tiempo de la inyecci\u00f3n y la sincronizaci\u00f3n entre la apertura de v\u00e1lvulas, la inyecci\u00f3n de combustible y la posici\u00f3n del pist\u00f3n, que con el uso de las unidades de control se puede controlar f\u00e1cilmente.[\/et_pb_tab][et_pb_tab title=\u00bbVolantes Bimasa\u00bb _builder_version=\u00bb4.16&#8243; body_font=\u00bb||||||||\u00bb body_font_size=\u00bb16px\u00bb body_line_height=\u00bb1.8em\u00bb tab_font=\u00bb||||||||\u00bb global_colors_info=\u00bb{}\u00bb]Este elemento pasivo del veh\u00edculo permite almacenar la energ\u00eda cin\u00e9tica generada para conseguir una mayor inercia sobre el movimiento y transmitir la energ\u00eda a las ruedas. Es un disco de hierro que tiene un peso y un equilibrado determinado para que el giro del motor sea preciso. Este va integrado en el embrague o en el convertidor de par, seg\u00fan se trate de una caja de cambios manual o autom\u00e1tica.[\/et_pb_tab][et_pb_tab title=\u00bbFiltraci\u00f3n de alto flujo\u00bb _builder_version=\u00bb4.16&#8243; body_font=\u00bb||||||||\u00bb body_font_size=\u00bb16px\u00bb body_line_height=\u00bb1.8em\u00bb tab_font=\u00bb||||||||\u00bb background_enable_color=\u00bboff\u00bb global_colors_info=\u00bb{}\u00bb]El sistema de filtraci\u00f3n permite la entrada del aire necesario para una combusti\u00f3n completa, mientras bloquea las part\u00edculas de polvo. El prop\u00f3sito del filtro consiste en Proteger el motor y para eso es importante bloquear todo el polvo posible. El motor es pr\u00e1cticamente como una bomba de aire, esto quiere decir que a mayor cantidad de aire entrando al motor aumenta la eficiencia en el proceso de combusti\u00f3n.[\/et_pb_tab][\/et_pb_tabs][\/et_pb_column][\/et_pb_row][\/et_pb_section][et_pb_section fb_built=\u00bb1&#8243; admin_label=\u00bbHighlighted Features\u00bb _builder_version=\u00bb4.16&#8243; background_color=\u00bb#00529b\u00bb custom_padding=\u00bb70px||70px||true|\u00bb global_colors_info=\u00bb{}\u00bb][et_pb_row column_structure=\u00bb2_3,1_3&#8243; _builder_version=\u00bb4.16&#8243; background_color=\u00bb#c10d19&#8243; custom_margin=\u00bb||60px|\u00bb custom_padding=\u00bb50px|40px|50px|40px|true|true\u00bb box_shadow_style=\u00bbpreset1&#8243; global_colors_info=\u00bb{}\u00bb][et_pb_column type=\u00bb2_3&#8243; _builder_version=\u00bb4.16&#8243; custom_padding=\u00bb|||\u00bb global_colors_info=\u00bb{}\u00bb custom_padding__hover=\u00bb|||\u00bb][et_pb_text admin_label=\u00bbTitle\u00bb _builder_version=\u00bb4.16&#8243; text_font=\u00bb||||||||\u00bb text_text_color=\u00bb#ffffff\u00bb text_font_size=\u00bb20px\u00bb text_line_height=\u00bb1.8em\u00bb ul_font=\u00bb||||||||\u00bb header_font=\u00bb||||||||\u00bb header_3_font=\u00bbHelvetica Regular|600|||||||\u00bb header_3_text_color=\u00bb#ffffff\u00bb header_3_font_size=\u00bb34px\u00bb header_3_letter_spacing=\u00bb1px\u00bb header_4_font=\u00bb||||||||\u00bb locked=\u00bboff\u00bb global_colors_info=\u00bb{}\u00bb]<\/p>\n<h3>Distribuidores Directos de LIQUI MOLY<\/h3>\n<p>Lubricantes y Aditivos Alemanes.<\/p>\n<p>[\/et_pb_text][\/et_pb_column][et_pb_column type=\u00bb1_3&#8243; _builder_version=\u00bb4.16&#8243; custom_padding=\u00bb|||\u00bb global_colors_info=\u00bb{}\u00bb custom_padding__hover=\u00bb|||\u00bb][et_pb_image src=\u00bbhttps:\/\/www.autorepuestosdistrinissan.com\/web\/wp-content\/uploads\/2019\/10\/logo-liqui-moly.png\u00bb align=\u00bbcenter\u00bb _builder_version=\u00bb4.16&#8243; global_colors_info=\u00bb{}\u00bb][\/et_pb_image][\/et_pb_column][\/et_pb_row][et_pb_row column_structure=\u00bb1_2,1_2&#8243; _builder_version=\u00bb4.16&#8243; global_colors_info=\u00bb{}\u00bb][et_pb_column type=\u00bb1_2&#8243; _builder_version=\u00bb4.16&#8243; global_colors_info=\u00bb{}\u00bb][et_pb_image src=\u00bbhttps:\/\/www.autorepuestosdistrinissan.com\/web\/wp-content\/uploads\/2019\/10\/tratamientos-para-limpieza-del-motor-liqui-moly-autorepuestos-eje-cafetero-pereira.jpg\u00bb align=\u00bbcenter\u00bb _builder_version=\u00bb4.16&#8243; max_width=\u00bb550px\u00bb box_shadow_style=\u00bbpreset1&#8243; global_colors_info=\u00bb{}\u00bb][\/et_pb_image][\/et_pb_column][et_pb_column type=\u00bb1_2&#8243; _builder_version=\u00bb4.16&#8243; global_colors_info=\u00bb{}\u00bb][et_pb_image src=\u00bbhttps:\/\/www.autorepuestosdistrinissan.com\/web\/wp-content\/uploads\/2019\/10\/filtros-para-automovil-auto-repuestos-eje-cafetero-pereira.jpg\u00bb align=\u00bbcenter\u00bb _builder_version=\u00bb4.16&#8243; max_width=\u00bb550px\u00bb box_shadow_style=\u00bbpreset1&#8243; global_colors_info=\u00bb{}\u00bb][\/et_pb_image][\/et_pb_column][\/et_pb_row][\/et_pb_section][et_pb_section fb_built=\u00bb1&#8243; custom_padding_last_edited=\u00bboff|desktop\u00bb admin_label=\u00bbBrands\u00bb _builder_version=\u00bb4.16&#8243; use_background_color_gradient=\u00bbon\u00bb background_color_gradient_stops=\u00bb#ffffff 0%|#dbdbdb 100%\u00bb background_color_gradient_start=\u00bb#ffffff\u00bb background_color_gradient_end=\u00bb#dbdbdb\u00bb background_image=\u00bbhttps:\/\/www.autorepuestosdistrinissan.com\/web\/wp-content\/uploads\/2019\/10\/car-dealer-27.jpg\u00bb background_blend=\u00bbsoft-light\u00bb custom_padding=\u00bb||50px||false|false\u00bb custom_padding_tablet=\u00bb60px||60px||true\u00bb global_module=\u00bb8042&#8243; saved_tabs=\u00bball\u00bb collapsed=\u00bbon\u00bb global_colors_info=\u00bb{}\u00bb][et_pb_row _builder_version=\u00bb4.16&#8243; locked=\u00bboff\u00bb global_colors_info=\u00bb{}\u00bb][et_pb_column type=\u00bb4_4&#8243; _builder_version=\u00bb4.16&#8243; custom_padding=\u00bb|||\u00bb global_colors_info=\u00bb{}\u00bb custom_padding__hover=\u00bb|||\u00bb][et_pb_text admin_label=\u00bbTitle\u00bb _builder_version=\u00bb4.16&#8243; text_font=\u00bb||||||||\u00bb text_font_size=\u00bb20px\u00bb text_line_height=\u00bb1.8em\u00bb header_font=\u00bb||||||||\u00bb header_2_font=\u00bbSUI GENERIS|800|on|on|||||\u00bb header_2_text_color=\u00bb#00529B\u00bb header_2_font_size=\u00bb3vw\u00bb header_5_font=\u00bbPoppins||on|on|||||\u00bb header_5_text_color=\u00bb#C10D19&#8243; header_5_font_size=\u00bb18px\u00bb text_orientation=\u00bbcenter\u00bb module_alignment=\u00bbcenter\u00bb custom_margin=\u00bb||0px|\u00bb header_2_font_size_tablet=\u00bb4vw\u00bb header_2_font_size_phone=\u00bb7vw\u00bb header_2_font_size_last_edited=\u00bbon|phone\u00bb global_colors_info=\u00bb{}\u00bb]<\/p>\n<h2>Nuestras marcas de confianza<\/h2>\n<h5>Distribuimos productos originales.<\/h5>\n<p>[\/et_pb_text][\/et_pb_column][\/et_pb_row][et_pb_row _builder_version=\u00bb4.17.0&#8243; _module_preset=\u00bbdefault\u00bb global_colors_info=\u00bb{}\u00bb][et_pb_column type=\u00bb4_4&#8243; _builder_version=\u00bb4.17.0&#8243; _module_preset=\u00bbdefault\u00bb global_colors_info=\u00bb{}\u00bb][dipl_logo_slider logo_per_slide=\u00bb8&#8243; show_arrow=\u00bboff\u00bb show_control_dot=\u00bboff\u00bb logo_per_slide_tablet=\u00bb3&#8243; logo_per_slide_phone=\u00bb1&#8243; _builder_version=\u00bb4.17.3&#8243; _module_preset=\u00bbdefault\u00bb global_colors_info=\u00bb{}\u00bb][dipl_logo_slider_item logo_alt=\u00bbNissan\u00bb upload_logo_image=\u00bbhttps:\/\/www.autorepuestosdistrinissan.com\/web\/wp-content\/uploads\/2019\/10\/logo-nissan.png\u00bb _builder_version=\u00bb4.17.0&#8243; _module_preset=\u00bbdefault\u00bb link_option_url=\u00bbhttps:\/\/www.autorepuestosdistrinissan.com\/web\/categoria-producto\/automoviles\/nissan\/\u00bb global_colors_info=\u00bb{}\u00bb][\/dipl_logo_slider_item][dipl_logo_slider_item logo_alt=\u00bbToyota\u00bb upload_logo_image=\u00bbhttps:\/\/www.autorepuestosdistrinissan.com\/web\/wp-content\/uploads\/2019\/10\/logo-toyota.png\u00bb _builder_version=\u00bb4.17.0&#8243; _module_preset=\u00bbdefault\u00bb link_option_url=\u00bbhttps:\/\/www.autorepuestosdistrinissan.com\/web\/categoria-producto\/automoviles\/toyota\/\u00bb global_colors_info=\u00bb{}\u00bb][\/dipl_logo_slider_item][dipl_logo_slider_item logo_alt=\u00bbMitsubishi\u00bb upload_logo_image=\u00bbhttps:\/\/www.autorepuestosdistrinissan.com\/web\/wp-content\/uploads\/2019\/10\/logo-mitsubishi.png\u00bb _builder_version=\u00bb4.17.0&#8243; _module_preset=\u00bbdefault\u00bb link_option_url=\u00bbhttps:\/\/www.autorepuestosdistrinissan.com\/web\/categoria-producto\/automoviles\/mitsubishi\/\u00bb global_colors_info=\u00bb{}\u00bb][\/dipl_logo_slider_item][dipl_logo_slider_item logo_alt=\u00bbMazda\u00bb upload_logo_image=\u00bbhttps:\/\/www.autorepuestosdistrinissan.com\/web\/wp-content\/uploads\/2019\/10\/logo-mazda.png\u00bb _builder_version=\u00bb4.17.0&#8243; _module_preset=\u00bbdefault\u00bb link_option_url=\u00bbhttps:\/\/www.autorepuestosdistrinissan.com\/web\/categoria-producto\/automoviles\/mazda\/\u00bb global_colors_info=\u00bb{}\u00bb][\/dipl_logo_slider_item][dipl_logo_slider_item logo_alt=\u00bbRenault\u00bb upload_logo_image=\u00bbhttps:\/\/www.autorepuestosdistrinissan.com\/web\/wp-content\/uploads\/2019\/10\/logo-renault.png\u00bb _builder_version=\u00bb4.17.0&#8243; _module_preset=\u00bbdefault\u00bb link_option_url=\u00bbhttps:\/\/www.autorepuestosdistrinissan.com\/web\/categoria-producto\/automoviles\/renault\/\u00bb global_colors_info=\u00bb{}\u00bb][\/dipl_logo_slider_item][dipl_logo_slider_item logo_alt=\u00bbChevrolet\u00bb upload_logo_image=\u00bbhttps:\/\/www.autorepuestosdistrinissan.com\/web\/wp-content\/uploads\/2019\/10\/logo-chevrolet.png\u00bb _builder_version=\u00bb4.17.0&#8243; _module_preset=\u00bbdefault\u00bb link_option_url=\u00bbhttps:\/\/www.autorepuestosdistrinissan.com\/web\/categoria-producto\/automoviles\/chevrolet\/\u00bb global_colors_info=\u00bb{}\u00bb][\/dipl_logo_slider_item][dipl_logo_slider_item logo_alt=\u00bbKia\u00bb upload_logo_image=\u00bbhttps:\/\/www.autorepuestosdistrinissan.com\/web\/wp-content\/uploads\/2019\/10\/logo-kia.png\u00bb _builder_version=\u00bb4.17.0&#8243; _module_preset=\u00bbdefault\u00bb link_option_url=\u00bbhttps:\/\/www.autorepuestosdistrinissan.com\/web\/categoria-producto\/automoviles\/kia\/\u00bb global_colors_info=\u00bb{}\u00bb][\/dipl_logo_slider_item][dipl_logo_slider_item logo_alt=\u00bbHyundai\u00bb upload_logo_image=\u00bbhttps:\/\/www.autorepuestosdistrinissan.com\/web\/wp-content\/uploads\/2019\/10\/logo-hyundai.png\u00bb _builder_version=\u00bb4.17.0&#8243; _module_preset=\u00bbdefault\u00bb link_option_url=\u00bbhttps:\/\/www.autorepuestosdistrinissan.com\/web\/categoria-producto\/automoviles\/hyundai\/\u00bb global_colors_info=\u00bb{}\u00bb][\/dipl_logo_slider_item][\/dipl_logo_slider][\/et_pb_column][\/et_pb_row][\/et_pb_section]<\/p>\n","protected":false},"excerpt":{"rendered":"<p>EspecialidadInformaci\u00f3nLas ra\u00edces de AutoRepuestos Distrinissan nacen de la necesidad de comunicar y proyectar en nuestros clientes y proveedores, confiabilidad y respaldo, por eso nuestro principal objetivo es ser pioneros en tecnolog\u00edas y tendencias globales, enfocamos nuestra energ\u00eda al desarrollo de la ingenier\u00eda automotriz.Nos enfocamos en comercializar AutoPartes de alta tecnolog\u00eda como:Ofrecemos una gran variedad de [&hellip;]<\/p>\n","protected":false},"author":1,"featured_media":0,"parent":0,"menu_order":0,"comment_status":"closed","ping_status":"closed","template":"","meta":{"_et_pb_use_builder":"on","_et_pb_old_content":"","_et_gb_content_width":"","footnotes":""},"class_list":["post-321","page","type-page","status-publish","hentry"],"jetpack_sharing_enabled":true,"_links":{"self":[{"href":"https:\/\/www.autorepuestosdistrinissan.com\/web\/wp-json\/wp\/v2\/pages\/321","targetHints":{"allow":["GET"]}}],"collection":[{"href":"https:\/\/www.autorepuestosdistrinissan.com\/web\/wp-json\/wp\/v2\/pages"}],"about":[{"href":"https:\/\/www.autorepuestosdistrinissan.com\/web\/wp-json\/wp\/v2\/types\/page"}],"author":[{"embeddable":true,"href":"https:\/\/www.autorepuestosdistrinissan.com\/web\/wp-json\/wp\/v2\/users\/1"}],"replies":[{"embeddable":true,"href":"https:\/\/www.autorepuestosdistrinissan.com\/web\/wp-json\/wp\/v2\/comments?post=321"}],"version-history":[{"count":4,"href":"https:\/\/www.autorepuestosdistrinissan.com\/web\/wp-json\/wp\/v2\/pages\/321\/revisions"}],"predecessor-version":[{"id":8930,"href":"https:\/\/www.autorepuestosdistrinissan.com\/web\/wp-json\/wp\/v2\/pages\/321\/revisions\/8930"}],"wp:attachment":[{"href":"https:\/\/www.autorepuestosdistrinissan.com\/web\/wp-json\/wp\/v2\/media?parent=321"}],"curies":[{"name":"wp","href":"https:\/\/api.w.org\/{rel}","templated":true}]}}